{"id":17012,"date":"2022-06-27T11:28:27","date_gmt":"2022-06-27T02:28:27","guid":{"rendered":"http:\/\/www.cstf.kyushu-u.ac.jp\/~adachilab\/lab\/?page_id=17012"},"modified":"2025-07-16T17:02:15","modified_gmt":"2025-07-16T08:02:15","slug":"chitose","status":"publish","type":"page","link":"https:\/\/www.cstf.kyushu-u.ac.jp\/~adachilab\/lab\/chitose\/","title":{"rendered":"\u5343\u6b73\u3000\u6d0b\u5e73"},"content":{"rendered":"<div class=\"row\">\n<div class=\"col-md-3\">\n<img decoding=\"async\" class=\"full\" title=\"\u5343\u6b73\" src=\"http:\/\/www.cstf.kyushu-u.ac.jp\/~adachilab\/lab\/wp-content\/uploads\/2024\/01\/chitose2-scaled.jpg\">\n<\/div>\n<div class=\"col-md-9\">\n<table class=\"gray\">\n<tbody>\n<tr>\n<th colspan=\"2\">\u7565\u6b74<\/th>\n<\/tr>\n<tr>\n<td>2011.3.3<\/td>\n<td>\u5cf6\u6839\u770c\u7acb\u677e\u6c5f\u5317\u9ad8\u7b49\u5b66\u6821\u3000\u666e\u901a\u79d1\u3000\u5352\u696d<\/td>\n<\/tr>\n<tr>\n<td>2016.3.23<\/td>\n<td>\u5e83\u5cf6\u5927\u5b66\u7406\u5b66\u90e8\u5316\u5b66\u79d1\u3000\u5352\u696d<\/td>\n<\/tr>\n<tr>\n<td>2017.10.2-2017.12.10<\/td>\n<td>\u30d9\u30c8\u30ca\u30e0\u56fd\u5bb6\u5927\u5b66\u30cf\u30ce\u30a4\u6821\u3000(Mac Dinh Hung\u7814\u7a76\u5ba4) \u77ed\u671f\u7559\u5b66<\/td>\n<\/tr>\n<tr>\n<td>2018.3.23<\/td>\n<td>\u5e83\u5cf6\u5927\u5b66\u5927\u5b66\u9662\u7406\u5b66\u7814\u7a76\u79d1\u5316\u5b66\u5c02\u653b\u3000\u535a\u58eb\u8ab2\u7a0b\u524d\u671f\u3000\u4fee\u4e86<\/td>\n<\/tr>\n<tr>\n<td>2019.8.7-2020.2.28<\/td>\n<td>\u30c1\u30a7\u30b3\u5171\u548c\u56fd\u30de\u30b5\u30ea\u30af\u5927\u5b66\u3000(Petr Kl\u00e1n\u7814\u7a76\u5ba4)\u3000\u7814\u7a76\u9042\u884c\u306e\u305f\u3081\u6d77\u5916\u6e21\u822a<\/td>\n<\/tr>\n<tr>\n<td>2021.3.23<\/td>\n<td>\u5e83\u5cf6\u5927\u5b66\u5927\u5b66\u9662\u7406\u5b66\u7814\u7a76\u79d1\u5316\u5b66\u5c02\u653b\u3000\u535a\u58eb\u8ab2\u7a0b\u5f8c\u671f\u3000\u4fee\u4e86<\/td>\n<\/tr>\n<tr>\n<td>2018.4.1-2021.3.31<\/td>\n<td>\u65e5\u672c\u5b66\u8853\u632f\u8208\u4f1a \u7279\u5225\u7814\u7a76\u54e1 (DC1)<\/td>\n<\/tr>\n<tr>\n<td>2021.4.1-2022.3.31<\/td>\n<td>\u5e83\u5cf6\u5927\u5b66\u5927\u5b66\u9662\u5148\u9032\u7406\u5de5\u7cfb\u79d1\u5b66\u7814\u7a76\u79d1\u57fa\u790e\u5316\u5b66\u30d7\u30ed\u30b0\u30e9\u30e0\u3000\u52a9\u6559<\/td>\n<\/tr>\n<tr>\n<td>2022.4.1\u2013\u73fe\u5728<\/td>\n<td>\u4e5d\u5dde\u5927\u5b66\u5206\u5b50\u30b7\u30b9\u30c6\u30e0\u79d1\u5b66\u30bb\u30f3\u30bf\u30fc(CMS)\u3000\u52a9\u6559<\/td>\n<\/tr>\n<tr>\n<th colspan=\"2\">\u5b66\u4f4d<\/th>\n<\/tr>\n<tr>\n<td colspan=\"2\">\u535a\u58eb\uff08\u7406\u5b66\uff09<\/td>\n<\/tr>\n<tr>\n<th colspan=\"2\">\u6240\u5c5e\u5b66\u4f1a<\/th>\n<\/tr>\n<tr>\n<td colspan=\"2\">\u65e5\u672c\u5316\u5b66\u4f1a\u3001\u5149\u5316\u5b66\u5354\u4f1a<\/td>\n<\/tr>\n<tr>\n<th colspan=\"2\">\u7814\u7a76\u5206\u91ce<\/th>\n<\/tr>\n<tr>\n<td colspan=\"2\">\u6709\u6a5f\u5149\u5316\u5b66\u3001\u6709\u6a5f\u5408\u6210\u5316\u5b66\u3001\u975e\u7dda\u5f62\u5149\u5b66\u3001\u5149\u89e3\u96e2\u6027\u4fdd\u8b77\u57fa<\/td>\n<\/tr>\n<tr>\n<th colspan=\"2\">\u8da3\u5473<\/th>\n<\/tr>\n<tr>\n<td colspan=\"2\">\u81ea\u7136\u6563\u7b56\u3001\u6587\u9ce5\u3001\u5263\u9053\u30011980-1990\u5e74\u4ee3\u306e\u90a6\u697d\u30ed\u30c3\u30af<\/td>\n<\/tr>\n<\/tbody>\n<\/table>\n<\/div>\n<\/div>\n<h3>\u539f\u8457\u8ad6\u6587<\/h3>\n<p>[14] Gomathi Vinayakam Mageswari, <u>Youhei Chitose<\/u>,* Youichi Tsuchiya, Ja-Hon Lin, Chihaya Adachi,* \u201cRational Molecular Design for Balanced Locally Excited and Charge-Transfer Nature for Two-Photon Absorption Phenomenon and Highly Efficient TADF-Based OLEDs\u201d, Angew. Chem. Int. Ed., 2024, e202420417. (Early View, https:\/\/doi.org\/10.1002\/anie.202420417).<\/p>\n<p>[13]Rangani Wathsala Weerasinghe, John Marques dos Santos, <u>Youhei Chitose<\/u>, Tomas Matulaitis, Stuart L. Warriner, Debasish Barman, Chin-Yiu Chan,* Youichi Tsuchiya,* Eli Zysman-Colman,* Chihaya Adachi,* \u201cMolecular asymmetry and rigidification as strategies to activate and enhance thermally activated delayed fluorescence in deep-blue MR-TADF emitters\u201d, Phys. Chem. Chem. Phys., 2024, 26, 21337-21341.<\/p>\n<p>[12]Koustav Roy, Xuzhao Zhou, Rintaro Otani, Ping-Chuan Yuan, Shuji Ioka, Kaspar E. Vogt, Tamae Kondo, Nouran H. T. Farag, Haruto Ijiri, Zhaofa Wu, <u>Youhei Chitose<\/u>, Mao Amezawa, David S. Uygun, Yoan Cherasse, Hiroshi Nagase, Yulong Li, Masashi Yanagisawa, Manabu Abe, Radhika Basheer, Yi-Qun Wang,* Tsuyoshi Saitoh,* Michael Lazarus*<br \/>\n\u201cOptochemical control of slow-wave sleep in the nucleus accumbens of male mice by a photoactivatable allosteric modulator of adenosine A2A receptors\u201d,<br \/>\n<i>Nat. Commun<\/i>,&nbsp;<strong>2024<\/strong>,&nbsp;15,&nbsp;3661.(DOI: https:\/\/doi.org\/10.1038\/s41467-024-47964-4)<\/p>\n<p>[11]<u>Youhei Chitose*<\/u>, Yuika Tamura, Youichi Tsuchiya,* Chihaya Adachi*<br \/>\n\u201cCo-trimerization of benzonitriles with guanidine hydrochloride: synthesis of 2-bromo-4,6-diaryl-1,3,5-triazine derivatives bearing electron-withdrawing groups\u201d,<br \/>\n<i>Chem.Lett<\/i>,&nbsp;<strong>2024<\/strong>,&nbsp;53,&nbsp;upae059.(DOI:https:\/\/doi.org\/10.1093\/chemle\/upae059)<\/p>\n<p>[10]Shintaro Kohata, Hajime Nakanotani,*<u>Youhei Chitose<\/u>, Takuma Yasuda, Youichi Tsuchiya, Chihaya Adachi* <br \/>\n\u201cAnti\u2010Stokes Luminescence in Multi\u2010Resonance\u2010Type Thermally\u2010Activated Delayed Fluorescence Molecules\u201d,<br \/>\n<i>Angew. Chem. Int.<\/i>,&nbsp;<strong>2023<\/strong>,&nbsp;62, &nbsp;e202312326.(DOI:https:\/\/doi.org\/10.1002\/anie.202312326)<\/p>\n<p>[9]Tatsuya Morofuji,* Takuma Kurokawa,*<u>Youhei Chitose<\/u>, Chihaya Adachi, Naokazu Kano*  <br \/>\n\u201cTrifluoromethylated thermally activated delayed fluorescence molecule as a versatile photocatalyst for electron-transfer- and energy-transfer-driven reactions\u201d,<br \/>\n<i>Org. Biomol. Chem.<\/i>,&nbsp;<strong>2022<\/strong>,&nbsp;20,&nbsp;9600-9603.(DOI:https:\/\/doi.org\/10.1039\/D2OB02055F)<\/p>\n<p>[8]Yuliang Liu, Haoyu Li, Eugene Yew Kun Tan, Erik Budi Santiko,<u>Youhei Chitose<\/u>,Manabu Abe,* Shunsuke Chiba*  <br \/>\n\u201cPyrrolo[2,1-a]isoquinolines as multitasking organophotocatalysts in chemical synthesis\u201d,<br \/>\n<i>Chem. Catal. <\/i>,&nbsp;<strong>2022<\/strong>,&nbsp;2,&nbsp;2726-2749.(DOI:https:\/\/doi.org\/10.1016\/j.checat.2022.08.013)<\/p>\n<p>[7]Adiki Raja Sekhar, <u>Youhei Chitose<\/u>, Ji\u0159\u00ed Jano\u0161, Sahar Israeli Dangoor, Andrea Ramundo, Ronit Satchi-Fainaro, Petr Slav\u00ed\u010dek, Petr Kl\u00e1n,* Roy Weinstain,*<br \/>\n\u201cPorphyrin as a Versatile Visible-Light-Activatable Organic\/Metal Hybrid Photoremovable Protecting Group\u201d,<br \/>\n<i>Nat. Commun.<\/i>,&nbsp;<strong>2022<\/strong>,&nbsp;13,&nbsp;3614.(DOI:10.1038\/s41467-022-31288-2)<\/p>\n<p>[6]Yuki Hyodo, Keigo Takahashi, <u>Youhei Chitose<\/u>, Manabu Abe, Michito Yoshizawa, Takashi Koike,* Munetaka Akita,*<br \/>\n\u201cAssemblies of 1,4-Bis(diarylamino)naphthalene and Aromatic Amphiphiles: Highly Reducing Photoredox Catalysis in Water\u201d,<br \/>\n<i>Synlett.<\/i>, <strong>2021<\/strong>, 2021, 33(12), 1184-1188.(DOI:10.1055\/a-1652-2707)<\/p>\n<p>[5]Tatsuya Morofuji,* Shota Nagai, <u>Youhei Chitose<\/u>, Manabu Abe, and Naokazu Kano,*<br \/>\n\u201cProtonation-Enhanced Reactivity of Triplet State in Dearomative Photocycloaddition of Quinolines to Olefins\u201d,<br \/>\n<i>Org. Lett.<\/i>, <strong>2021<\/strong>, 23, 6257-6261.(DOI:https:\/\/doi.org\/10.1021\/acs.orglett.1c02026)<\/p>\n<\/p>\n<p>[4]Thuy Thi Thu Pham, <u>Youhei Chitose<\/u>, Tran Thi Thanh Tam, Wei-Lun Tseng, Tzu-Chau Lin,* and Manabu Abe,*<br \/>\n\u201cImpact of five-membered heterocyclic rings on photophysical properties including two-photon absorption character\u201d,<br \/>\n<i>Chem. Lett.<\/i>, <strong>2021<\/strong>, 50, 1810\u20131813.(DOI:https:\/\/doi.org\/10.1246\/cl.210420)<\/p>\n<p>[3]Thi Thu Huong Le, <u>Chitose Youhei<\/u>, Quy Hien Le, Thanh Binh Nguyen,* and Dinh Hung Mac,* <br \/>\n\u201cConvenient one-pot access to 2H-3-nitro-thiochromenes from 2-bromobenzaldehydes, sodium sulfide and \u03b2-nitrostyrenes\u201d,<br \/>\n<i>Org. Biomol. Chem.<\/i>, <strong>2019<\/strong>, 17, 6355-6358.(DOI:https:\/\/doi.org\/10.1039\/C9OB01060B)<\/p>\n<p>[2]<u>Youhei Chitose<\/u>, Manabu Abe,* Ko Furukawa, Jhe-Yi Lin, Tzu-Chau Lin,* and Claudine Katan,*<br \/>\n\u201cDesign and Synthesis of a Caged Carboxylic Acid with a Donor-\u03c0-Donor Coumarin Structure: One-photon and Two-photon Uncaging Reactions Using Visible and\u3000Near-Infrared Lights\u201d,<br \/>\n<i>Org. Lett.<\/i>, <strong>2017<\/strong>, 19, 2622\u22122625.(DOI:https:\/\/doi.org\/10.1021\/acs.orglett.7b00957)<\/p>\n<p>[1]<u>Youhei Chitose<\/u>, Manabu Abe,* Ko Furukawa, and Claudine Katan,*<br \/>\n\u201cDesign, Synthesis, and Reaction of \u03c0-Extended Coumarin-based New Caged Compounds with Two-photon Absorption Character in the Near-IR Region\u201d,<br \/>\n<i>Chem. Lett.<\/i>, <strong>2016<\/strong>, 45, 1186\u20131188.(DOI:https:\/\/doi.org\/10.1246\/cl.160586)<\/p>\n<p><\/p>\n<h3>\u7dcf\u8aac<\/h3>\n<p>[2]<u>\u5343\u6b73 \u6d0b\u5e73<\/u>\uff0c\u5b89\u500d \u5b66*,<br \/>\n\u201c2\u5149\u5b50\u5fdc\u7b54\u6027\u30b1\u30fc\u30b8\u30c9\u5316\u5408\u7269\u201d,<br \/>\n<i>\u5149\u5316\u5b66<\/i>, <strong>2017<\/strong>, <i>48<\/i> (3), 130-138.<\/p>\n<p>[1]Manabu Abe,* <u>Youhei Chitose<\/u>, Satish Jakkampudi, Pham Thi Thu Thuy, Qianghua Lin, Bui Thi Van, Ayato Yamada, Ryoko Oyama, Miyu Sasaki, and Claudine Katan*,<br \/>\n\u201cDesign and Synthesis of Two-Photon Responsive Chromophores for Near-Infrared Light-Induced Uncaging Reactions\u201d,<br \/>\n<i>Synthesis<\/i>, <strong>2017<\/strong>, <i>49<\/i> (5), 3337-3346.<\/p>\n<h3>\u8457\u66f8<\/h3>\n<p>[1]<u>Youhei Chitose<\/u>, Manabu Abe*,<br \/>\n\u201cDesign and synthesis of two-photon responsive chromophores for application to uncaging\u201d, <br \/>\n<i>Photochemistry<\/i>, <strong>2019<\/strong>, <i>46<\/i>, 219-241.<\/p>\n<p><h>\u7279\u8a31<\/h3>\n<p>[3]\u51fa\u9858\u65e5\u4ee4\u548c5\u5e74(2023\u5e74)1\u670827\u65e5\u3000\u51fa\u9858\u756a\u53f7\uff1a\u7279\u98582023-011275\u3000\u767a\u660e\u8005\uff1a <u>\u5343\u6b73\u3000\u6d0b\u5e73<\/u> \u3001\u571f`\u5c4b\u3000\u967d\u4e00\u3001\u7530\u6751\u3000\u7d50\u82b1\u3001\u5b89\u9054\u3000\u5343\u6ce2\u77e2\u3000\u540d\u79f0\uff1a\u5316\u5408\u7269\u3001\u767a\u5149\u6750\u6599\u3001\u4e8c\u5149\u5b50\u5438\u53ce\u6750\u6599\u3001\u6d3b\u6027\u9178\u7d20\u751f\u6210\u6750\u6599\u304a\u3088\u3073\u6709\u6a5f\u767a\u5149\u7d20\u5b50\u3000\u51fa\u9858\u4eba\uff1a\u56fd\u7acb\u5927\u5b66\u6cd5\u4eba\u4e5d\u5dde\u5927\u5b66<\/p>\n<p>[2]\u51fa\u9858\u65e5\u4ee4\u548c4\u5e74(2022\u5e74)7\u670829\u65e5\u3000\u51fa\u9858\u756a\u53f7\uff1a\u7279\u98582022-121147\u3000\u767a\u660e\u8005\uff1a <u>\u5343\u6b73\u3000\u6d0b\u5e73<\/u> \u3001\u571f`\u5c4b\u3000\u967d\u4e00\u3001\u5b89\u9054\u3000\u5343\u6ce2\u77e2\u3000\u540d\u79f0\uff1a\u30c8\u30ea\u30a2\u30b8\u30f3\u8a98\u5c0e\u4f53\u3092\u88fd\u9020\u3059\u308b\u65b9\u6cd5\u3000\u51fa\u9858\u4eba\uff1a\u56fd\u7acb\u5927\u5b66\u6cd5\u4eba\u4e5d\u5dde\u5927\u5b66<\/p>\n<p>[1]\u51fa\u9858\u65e5\u5e73\u621029\u5e74(2017\u5e74)3\u67089\u65e5\u3000\u51fa\u9858\u756a\u53f7\uff1a\u7279\u98582017-045407\u3000\u767a\u660e\u8005\uff1a\u5b89\u500d\u5b66\uff0c<u>\u5343\u6b73\u3000\u6d0b\u5e73<\/u><\/p>\n","protected":false},"excerpt":{"rendered":"<p>\u7565\u6b74 2011.3.3 \u5cf6\u6839\u770c\u7acb\u677e\u6c5f\u5317\u9ad8\u7b49\u5b66\u6821\u3000\u666e\u901a\u79d1\u3000\u5352\u696d 2016.3.23 \u5e83\u5cf6\u5927\u5b66\u7406\u5b66\u90e8\u5316\u5b66\u79d1\u3000\u5352\u696d 2017.10.2-2017.12.10 \u30d9\u30c8\u30ca\u30e0\u56fd\u5bb6\u5927\u5b66\u30cf\u30ce\u30a4\u6821\u3000(Mac Dinh Hung\u7814\u7a76\u5ba4) \u77ed\u671f [&hellip;]<\/p>\n","protected":false},"author":1,"featured_media":0,"parent":0,"menu_order":0,"comment_status":"closed","ping_status":"closed","template":"","meta":{"footnotes":""},"class_list":["post-17012","page","type-page","status-publish","hentry"],"_links":{"self":[{"href":"https:\/\/www.cstf.kyushu-u.ac.jp\/~adachilab\/lab\/wp-json\/wp\/v2\/pages\/17012","targetHints":{"allow":["GET"]}}],"collection":[{"href":"https:\/\/www.cstf.kyushu-u.ac.jp\/~adachilab\/lab\/wp-json\/wp\/v2\/pages"}],"about":[{"href":"https:\/\/www.cstf.kyushu-u.ac.jp\/~adachilab\/lab\/wp-json\/wp\/v2\/types\/page"}],"author":[{"embeddable":true,"href":"https:\/\/www.cstf.kyushu-u.ac.jp\/~adachilab\/lab\/wp-json\/wp\/v2\/users\/1"}],"replies":[{"embeddable":true,"href":"https:\/\/www.cstf.kyushu-u.ac.jp\/~adachilab\/lab\/wp-json\/wp\/v2\/comments?post=17012"}],"version-history":[{"count":0,"href":"https:\/\/www.cstf.kyushu-u.ac.jp\/~adachilab\/lab\/wp-json\/wp\/v2\/pages\/17012\/revisions"}],"wp:attachment":[{"href":"https:\/\/www.cstf.kyushu-u.ac.jp\/~adachilab\/lab\/wp-json\/wp\/v2\/media?parent=17012"}],"curies":[{"name":"wp","href":"https:\/\/api.w.org\/{rel}","templated":true}]}}