{"id":18856,"date":"2024-10-09T14:19:26","date_gmt":"2024-10-09T05:19:26","guid":{"rendered":"https:\/\/www.cstf.kyushu-u.ac.jp\/~adachilab\/lab\/?page_id=18856"},"modified":"2024-10-09T14:19:26","modified_gmt":"2024-10-09T05:19:26","slug":"kevin-mall-haidaraly","status":"publish","type":"page","link":"http:\/\/www.cstf.kyushu-u.ac.jp\/~adachilab\/lab\/kevin-mall-haidaraly\/","title":{"rendered":"Kevin MALL HAIDARALY"},"content":{"rendered":"<div style=\"float: right;\"><img loading=\"lazy\" decoding=\"async\" class=\"alignnone size-full wp-image-1758\" title=\"Kevin-2\" src=\"http:\/\/www.cstf.kyushu-u.ac.jp\/~adachilab\/lab\/wp-content\/uploads\/2024\/10\/Kevin-2.jpg\" alt=\"\" width=\"180\" height=\"240\" \/><\/div>\n<table class=\"gray\" style=\"width: 60%;\">\n<tbody>\n<tr>\n<th colspan=\"3\">\u7565\u6b74<\/th>\n<\/tr>\n<tr>\n<td>2015-2018<\/td>\n<td>General Chemistry, Nantes University, France<\/td>\n<\/tr>\n<tr>\n<td>2018-2019<\/td>\n<td>Master 1 Lumi\u00e8re, Mol\u00e9cule et Mati\u00e8re (LUMOMAT), Nantes University, France<\/td>\n<\/tr>\n<tr>\n<td>2019-2020<\/td>\n<td>Master 2 Lumi\u00e8re, Mol\u00e9cule et Mati\u00e8re (LUMOMAT), University of Angers, France<\/td>\n<\/tr>\n<tr>\n<td>2020-2021<\/td>\n<td>Research Engineer, Sorbonne University, France<\/td>\n<\/tr>\n<tr>\n<td>2021-2024<\/td>\n<td>Doctoral course in Molecular Chemistry, Sorbonne University, France<\/td>\n<\/tr>\n<tr>\n<td>2024-present<\/td>\n<td>Kyushu University, Graduate School of Engineering, Japan Society for the Promotion of Science, Postdoctoral Research Fellow (PD)<\/td>\n<\/tr>\n<tr>\n<th colspan=\"3\">\u5b66\u4f4d<\/th>\n<\/tr>\n<tr>\n<td colspan=\"2\">Doctor of Molecular Chemistry<\/td>\n<\/tr>\n<tr>\n<th colspan=\"3\">\u7814\u7a76\u5206\u91ce<\/th>\n<\/tr>\n<tr>\n<td colspan=\"2\">Organic electronics, molecular chemistry, self-assembled materials, materials chemistry <\/td>\n<\/tr>\n<tr>\n<th colspan=\"3\">\u8da3\u5473<\/th>\n<\/tr>\n<tr>\n<td colspan=\"2\">Music (production, band), Video Games, Sports, Cooking<\/td>\n<\/tr>\n<\/tbody>\n<\/table>\n<p><!-- \/wp:tadv\/classic-paragraph --><\/p>\n","protected":false},"excerpt":{"rendered":"<p>\u7565\u6b74 2015-2018 General Chemistry, Nantes University, France 2018-2019 Master 1 Lumi\u00e8re, Mol\u00e9cule et Mati\u00e8re (LUM [&hellip;]<\/p>\n","protected":false},"author":2,"featured_media":0,"parent":0,"menu_order":0,"comment_status":"closed","ping_status":"closed","template":"","meta":{"footnotes":""},"class_list":["post-18856","page","type-page","status-publish","hentry"],"_links":{"self":[{"href":"http:\/\/www.cstf.kyushu-u.ac.jp\/~adachilab\/lab\/wp-json\/wp\/v2\/pages\/18856","targetHints":{"allow":["GET"]}}],"collection":[{"href":"http:\/\/www.cstf.kyushu-u.ac.jp\/~adachilab\/lab\/wp-json\/wp\/v2\/pages"}],"about":[{"href":"http:\/\/www.cstf.kyushu-u.ac.jp\/~adachilab\/lab\/wp-json\/wp\/v2\/types\/page"}],"author":[{"embeddable":true,"href":"http:\/\/www.cstf.kyushu-u.ac.jp\/~adachilab\/lab\/wp-json\/wp\/v2\/users\/2"}],"replies":[{"embeddable":true,"href":"http:\/\/www.cstf.kyushu-u.ac.jp\/~adachilab\/lab\/wp-json\/wp\/v2\/comments?post=18856"}],"version-history":[{"count":0,"href":"http:\/\/www.cstf.kyushu-u.ac.jp\/~adachilab\/lab\/wp-json\/wp\/v2\/pages\/18856\/revisions"}],"wp:attachment":[{"href":"http:\/\/www.cstf.kyushu-u.ac.jp\/~adachilab\/lab\/wp-json\/wp\/v2\/media?parent=18856"}],"curies":[{"name":"wp","href":"https:\/\/api.w.org\/{rel}","templated":true}]}}